{"id":3102,"date":"2022-10-29T20:31:57","date_gmt":"2022-10-29T20:31:57","guid":{"rendered":"https:\/\/articodeco.ca\/?page_id=3102"},"modified":"2024-02-28T20:46:33","modified_gmt":"2024-02-28T20:46:33","slug":"carte-cadeau","status":"publish","type":"page","link":"https:\/\/articodeco.ca\/?page_id=3102&lang=fr","title":{"rendered":"Carte cadeau"},"content":{"rendered":"\t\t<div data-elementor-type=\"wp-page\" data-elementor-id=\"3102\" class=\"elementor elementor-3102\" wpc-filter-elementor-widget=\"1\">\n\t\t\t\t\t\t<section class=\"elementor-section elementor-top-section elementor-element elementor-element-3b12e8ba elementor-section-content-middle elementor-reverse-mobile elementor-section-boxed elementor-section-height-default elementor-section-height-default\" data-id=\"3b12e8ba\" data-element_type=\"section\" data-e-type=\"section\">\n\t\t\t\t\t\t<div class=\"elementor-container elementor-column-gap-no\">\n\t\t\t\t\t<div class=\"elementor-column elementor-col-50 elementor-top-column elementor-element elementor-element-6e4133e1\" data-id=\"6e4133e1\" data-element_type=\"column\" data-e-type=\"column\">\n\t\t\t<div class=\"elementor-widget-wrap elementor-element-populated\">\n\t\t\t\t\t\t<div class=\"elementor-element elementor-element-4164587a elementor-widget elementor-widget-heading\" data-id=\"4164587a\" data-element_type=\"widget\" data-e-type=\"widget\" data-widget_type=\"heading.default\">\n\t\t\t\t<div class=\"elementor-widget-container\">\n\t\t\t\t\t<h3 class=\"elementor-heading-title elementor-size-default\">Cartes cadeaux<\/h3>\t\t\t\t<\/div>\n\t\t\t\t<\/div>\n\t\t\t\t<div class=\"elementor-element elementor-element-1236ac52 elementor-widget elementor-widget-text-editor\" data-id=\"1236ac52\" data-element_type=\"widget\" data-e-type=\"widget\" data-widget_type=\"text-editor.default\">\n\t\t\t\t<div class=\"elementor-widget-container\">\n\t\t\t\t\t\t\t\t\t<p>Trouver la peinture pr\u00e9cise pour cr\u00e9er un espace sp\u00e9cial est un processus influenc\u00e9 par un go\u00fbt tr\u00e8s personnel. Si vous ne savez pas laquelle de nos options convient au go\u00fbt et \u00e0 la d\u00e9coration de qui vous voulez faire plaisir, nous vous proposons des Cartes Cadeaux \u00e0 diff\u00e9rents prix. Si vous le souhaitez, nous pouvons personnaliser la valeur que vous \u00eates pr\u00eat \u00e0 cr\u00e9diter en envoyant un e-mail dans la rubrique Contactez-nous.<\/p><p>Votre carte cadeau Artico D\u00e9co vous sera envoy\u00e9e \u00e0 l&#8217;adresse e-mail que vous aurez indiqu\u00e9e sur l&#8217;\u00e9cran de paiement avec le code joint \u00e0 l&#8217;e-mail au format PDF.<\/p><p>Imprimez-le et donnez-le au destinataire ou envoyez simplement le PDF par e-mail !<\/p>\t\t\t\t\t\t\t\t<\/div>\n\t\t\t\t<\/div>\n\t\t\t\t<div class=\"elementor-element elementor-element-1327b84 elementor-button-danger elementor-align-center elementor-widget elementor-widget-button\" data-id=\"1327b84\" data-element_type=\"widget\" data-e-type=\"widget\" data-widget_type=\"button.default\">\n\t\t\t\t<div class=\"elementor-widget-container\">\n\t\t\t\t\t\t\t\t\t<div class=\"elementor-button-wrapper\">\n\t\t\t\t\t<a class=\"elementor-button elementor-button-link elementor-size-lg\" href=\"https:\/\/articodeco.ca\/?product=gifto-cards\">\n\t\t\t\t\t\t<span class=\"elementor-button-content-wrapper\">\n\t\t\t\t\t\t\t\t\t<span class=\"elementor-button-text\">Ach\u00e8te-le ici<\/span>\n\t\t\t\t\t<\/span>\n\t\t\t\t\t<\/a>\n\t\t\t\t<\/div>\n\t\t\t\t\t\t\t\t<\/div>\n\t\t\t\t<\/div>\n\t\t\t\t\t<\/div>\n\t\t<\/div>\n\t\t\t\t<div class=\"elementor-column elementor-col-50 elementor-top-column elementor-element elementor-element-76b07605\" data-id=\"76b07605\" data-element_type=\"column\" data-e-type=\"column\">\n\t\t\t<div class=\"elementor-widget-wrap elementor-element-populated\">\n\t\t\t\t\t\t<div class=\"elementor-element elementor-element-644332a6 elementor-widget elementor-widget-image\" data-id=\"644332a6\" data-element_type=\"widget\" data-e-type=\"widget\" data-widget_type=\"image.default\">\n\t\t\t\t<div class=\"elementor-widget-container\">\n\t\t\t\t\t\t\t\t\t\t\t\t\t\t\t<img fetchpriority=\"high\" decoding=\"async\" width=\"1862\" height=\"1209\" src=\"https:\/\/articodeco.ca\/wp-content\/uploads\/2022\/03\/MockUp.png\" class=\"attachment-full size-full wp-image-1393\" alt=\"\" srcset=\"https:\/\/articodeco.ca\/wp-content\/uploads\/2022\/03\/MockUp.png 1862w, https:\/\/articodeco.ca\/wp-content\/uploads\/2022\/03\/MockUp-241x156.png 241w, https:\/\/articodeco.ca\/wp-content\/uploads\/2022\/03\/MockUp-300x195.png 300w, https:\/\/articodeco.ca\/wp-content\/uploads\/2022\/03\/MockUp-1024x665.png 1024w, https:\/\/articodeco.ca\/wp-content\/uploads\/2022\/03\/MockUp-768x499.png 768w, https:\/\/articodeco.ca\/wp-content\/uploads\/2022\/03\/MockUp-1536x997.png 1536w, https:\/\/articodeco.ca\/wp-content\/uploads\/2022\/03\/MockUp-450x292.png 450w\" sizes=\"(max-width: 1862px) 100vw, 1862px\" \/>\t\t\t\t\t\t\t\t\t\t\t\t\t\t\t<\/div>\n\t\t\t\t<\/div>\n\t\t\t\t\t<\/div>\n\t\t<\/div>\n\t\t\t\t\t<\/div>\n\t\t<\/section>\n\t\t\t\t<\/div>\n\t\t","protected":false},"excerpt":{"rendered":"<p>Cartes cadeaux Trouver la peinture pr\u00e9cise pour cr\u00e9er un espace sp\u00e9cial est un processus influenc\u00e9 par un go\u00fbt tr\u00e8s personnel. Si vous ne savez pas laquelle de nos options convient au go\u00fbt et \u00e0 la d\u00e9coration de qui vous voulez faire plaisir, nous vous proposons des Cartes Cadeaux \u00e0 diff\u00e9rents prix. Si vous le souhaitez, [&hellip;]<\/p>\n","protected":false},"author":1,"featured_media":0,"parent":0,"menu_order":0,"comment_status":"closed","ping_status":"closed","template":"","meta":{"ocean_post_layout":"full-width","ocean_both_sidebars_style":"","ocean_both_sidebars_content_width":0,"ocean_both_sidebars_sidebars_width":0,"ocean_sidebar":"0","ocean_second_sidebar":"0","ocean_disable_margins":"enable","ocean_add_body_class":"","ocean_shortcode_before_top_bar":"","ocean_shortcode_after_top_bar":"","ocean_shortcode_before_header":"","ocean_shortcode_after_header":"","ocean_has_shortcode":"","ocean_shortcode_after_title":"","ocean_shortcode_before_footer_widgets":"","ocean_shortcode_after_footer_widgets":"","ocean_shortcode_before_footer_bottom":"","ocean_shortcode_after_footer_bottom":"","ocean_display_top_bar":"default","ocean_display_header":"default","ocean_header_style":"","ocean_center_header_left_menu":"0","ocean_custom_header_template":"0","ocean_custom_logo":0,"ocean_custom_retina_logo":0,"ocean_custom_logo_max_width":0,"ocean_custom_logo_tablet_max_width":0,"ocean_custom_logo_mobile_max_width":0,"ocean_custom_logo_max_height":0,"ocean_custom_logo_tablet_max_height":0,"ocean_custom_logo_mobile_max_height":0,"ocean_header_custom_menu":"0","ocean_menu_typo_font_family":"0","ocean_menu_typo_font_subset":"","ocean_menu_typo_font_size":0,"ocean_menu_typo_font_size_tablet":0,"ocean_menu_typo_font_size_mobile":0,"ocean_menu_typo_font_size_unit":"px","ocean_menu_typo_font_weight":"","ocean_menu_typo_font_weight_tablet":"","ocean_menu_typo_font_weight_mobile":"","ocean_menu_typo_transform":"","ocean_menu_typo_transform_tablet":"","ocean_menu_typo_transform_mobile":"","ocean_menu_typo_line_height":0,"ocean_menu_typo_line_height_tablet":0,"ocean_menu_typo_line_height_mobile":0,"ocean_menu_typo_line_height_unit":"","ocean_menu_typo_spacing":0,"ocean_menu_typo_spacing_tablet":0,"ocean_menu_typo_spacing_mobile":0,"ocean_menu_typo_spacing_unit":"","ocean_menu_link_color":"","ocean_menu_link_color_hover":"","ocean_menu_link_color_active":"","ocean_menu_link_background":"","ocean_menu_link_hover_background":"","ocean_menu_link_active_background":"","ocean_menu_social_links_bg":"","ocean_menu_social_hover_links_bg":"","ocean_menu_social_links_color":"","ocean_menu_social_hover_links_color":"","ocean_disable_title":"default","ocean_disable_heading":"default","ocean_post_title":"","ocean_post_subheading":"","ocean_post_title_style":"","ocean_post_title_background_color":"","ocean_post_title_background":0,"ocean_post_title_bg_image_position":"","ocean_post_title_bg_image_attachment":"","ocean_post_title_bg_image_repeat":"","ocean_post_title_bg_image_size":"","ocean_post_title_height":0,"ocean_post_title_bg_overlay":0.5,"ocean_post_title_bg_overlay_color":"","ocean_disable_breadcrumbs":"default","ocean_breadcrumbs_color":"","ocean_breadcrumbs_separator_color":"","ocean_breadcrumbs_links_color":"","ocean_breadcrumbs_links_hover_color":"","ocean_display_footer_widgets":"default","ocean_display_footer_bottom":"default","ocean_custom_footer_template":"0","footnotes":""},"class_list":["post-3102","page","type-page","status-publish","hentry","entry","owp-thumbs-layout-horizontal","owp-btn-normal","owp-tabs-layout-horizontal","has-no-thumbnails","has-product-nav"],"_links":{"self":[{"href":"https:\/\/articodeco.ca\/index.php?rest_route=\/wp\/v2\/pages\/3102","targetHints":{"allow":["GET"]}}],"collection":[{"href":"https:\/\/articodeco.ca\/index.php?rest_route=\/wp\/v2\/pages"}],"about":[{"href":"https:\/\/articodeco.ca\/index.php?rest_route=\/wp\/v2\/types\/page"}],"author":[{"embeddable":true,"href":"https:\/\/articodeco.ca\/index.php?rest_route=\/wp\/v2\/users\/1"}],"replies":[{"embeddable":true,"href":"https:\/\/articodeco.ca\/index.php?rest_route=%2Fwp%2Fv2%2Fcomments&post=3102"}],"version-history":[{"count":0,"href":"https:\/\/articodeco.ca\/index.php?rest_route=\/wp\/v2\/pages\/3102\/revisions"}],"wp:attachment":[{"href":"https:\/\/articodeco.ca\/index.php?rest_route=%2Fwp%2Fv2%2Fmedia&parent=3102"}],"curies":[{"name":"wp","href":"https:\/\/api.w.org\/{rel}","templated":true}]}}